{"id":19,"date":"2017-12-13T08:37:41","date_gmt":"2017-12-13T08:37:41","guid":{"rendered":"https:\/\/kammermusik-kurs.de\/index.php\/home\/"},"modified":"2021-03-21T09:13:31","modified_gmt":"2021-03-21T09:13:31","slug":"home","status":"publish","type":"page","link":"https:\/\/kammermusik-kurs.de\/","title":{"rendered":"Home"},"content":{"rendered":"\t\t<div data-elementor-type=\"wp-page\" data-elementor-id=\"19\" class=\"elementor elementor-19\">\n\t\t\t\t\t\t\t\t\t<section class=\"elementor-section elementor-top-section elementor-element elementor-element-44789b6 elementor-section-full_width elementor-section-content-middle elementor-section-height-default elementor-section-height-default\" data-id=\"44789b6\" data-element_type=\"section\" data-settings=\"{&quot;background_background&quot;:&quot;gradient&quot;}\">\n\t\t\t\t\t\t<div class=\"elementor-container elementor-column-gap-no\">\n\t\t\t\t\t<div class=\"elementor-column elementor-col-100 elementor-top-column elementor-element elementor-element-8f0bfa6\" data-id=\"8f0bfa6\" data-element_type=\"column\">\n\t\t\t<div class=\"elementor-widget-wrap elementor-element-populated\">\n\t\t\t\t\t\t\t\t<section class=\"elementor-section elementor-inner-section elementor-element elementor-element-65fd078 elementor-section-full_width elementor-section-content-middle elementor-section-height-default elementor-section-height-default\" data-id=\"65fd078\" data-element_type=\"section\">\n\t\t\t\t\t\t<div class=\"elementor-container elementor-column-gap-default\">\n\t\t\t\t\t<div class=\"elementor-column elementor-col-50 elementor-inner-column elementor-element elementor-element-d027e95\" data-id=\"d027e95\" data-element_type=\"column\" data-settings=\"{&quot;background_background&quot;:&quot;classic&quot;}\">\n\t\t\t<div class=\"elementor-widget-wrap elementor-element-populated\">\n\t\t\t\t\t<div class=\"elementor-background-overlay\"><\/div>\n\t\t\t\t\t\t\t\t<div class=\"elementor-element elementor-element-36d2b53 elementor-widget elementor-widget-image\" data-id=\"36d2b53\" data-element_type=\"widget\" data-widget_type=\"image.default\">\n\t\t\t\t<div class=\"elementor-widget-container\">\n\t\t\t\t\t\t\t\t\t\t\t\t<figure class=\"wp-caption\">\n\t\t\t\t\t\t\t\t\t\t<img loading=\"lazy\" decoding=\"async\" width=\"2560\" height=\"1642\" src=\"https:\/\/kammermusik-kurs.de\/wp-content\/uploads\/2021\/03\/MG_4215-scaled.jpeg\" class=\"attachment-full size-full wp-image-809\" alt=\"\" srcset=\"https:\/\/kammermusik-kurs.de\/wp-content\/uploads\/2021\/03\/MG_4215-scaled.jpeg 2560w, https:\/\/kammermusik-kurs.de\/wp-content\/uploads\/2021\/03\/MG_4215-300x192.jpeg 300w, https:\/\/kammermusik-kurs.de\/wp-content\/uploads\/2021\/03\/MG_4215-1024x657.jpeg 1024w, https:\/\/kammermusik-kurs.de\/wp-content\/uploads\/2021\/03\/MG_4215-768x492.jpeg 768w, https:\/\/kammermusik-kurs.de\/wp-content\/uploads\/2021\/03\/MG_4215-1536x985.jpeg 1536w, https:\/\/kammermusik-kurs.de\/wp-content\/uploads\/2021\/03\/MG_4215-2048x1313.jpeg 2048w, https:\/\/kammermusik-kurs.de\/wp-content\/uploads\/2021\/03\/MG_4215-600x385.jpeg 600w\" sizes=\"auto, (max-width: 2560px) 100vw, 2560px\" \/>\t\t\t\t\t\t\t\t\t\t\t<figcaption class=\"widget-image-caption wp-caption-text\">Foto: Moritz Weis<\/figcaption>\n\t\t\t\t\t\t\t\t\t\t<\/figure>\n\t\t\t\t\t\t\t\t\t<\/div>\n\t\t\t\t<\/div>\n\t\t\t\t\t<\/div>\n\t\t<\/div>\n\t\t\t\t<div class=\"elementor-column elementor-col-50 elementor-inner-column elementor-element elementor-element-734a360\" data-id=\"734a360\" data-element_type=\"column\">\n\t\t\t<div class=\"elementor-widget-wrap elementor-element-populated\">\n\t\t\t\t\t\t\t\t<div class=\"elementor-element elementor-element-a73583f elementor-invisible elementor-widget elementor-widget-heading\" data-id=\"a73583f\" data-element_type=\"widget\" data-settings=\"{&quot;_animation&quot;:&quot;fadeInRight&quot;,&quot;_animation_delay&quot;:200}\" data-widget_type=\"heading.default\">\n\t\t\t\t<div class=\"elementor-widget-container\">\n\t\t\t<h1 class=\"elementor-heading-title elementor-size-default\">Kammermusik<\/h1>\t\t<\/div>\n\t\t\t\t<\/div>\n\t\t\t\t<div class=\"elementor-element elementor-element-a7af1da elementor-widget elementor-widget-heading\" data-id=\"a7af1da\" data-element_type=\"widget\" data-widget_type=\"heading.default\">\n\t\t\t\t<div class=\"elementor-widget-container\">\n\t\t\t<h2 class=\"elementor-heading-title elementor-size-default\"> f\u00fcr Laien, Sch\u00fcler, Jedermann<\/h2>\t\t<\/div>\n\t\t\t\t<\/div>\n\t\t\t\t<div class=\"elementor-element elementor-element-0aa35aa elementor-widget elementor-widget-text-editor\" data-id=\"0aa35aa\" data-element_type=\"widget\" data-widget_type=\"text-editor.default\">\n\t\t\t\t<div class=\"elementor-widget-container\">\n\t\t\t\t\t\t\t<p>Kurse und individueller Unterricht bei drei erfahrenen Dozenten<\/p><p>Beate Weis &#8211; Violine<\/p><p>J\u00f6rg Assmann &#8211; Violine &amp; Viola<\/p><p>Marc Froncoux &#8211; Violoncello<\/p><p>Mitglieder der Deutschen Kammerphilharmonie Bremen<\/p>\t\t\t\t\t\t<\/div>\n\t\t\t\t<\/div>\n\t\t\t\t<div class=\"elementor-element elementor-element-c7dd5f5 elementor-align-left elementor-mobile-align-center elementor-widget elementor-widget-button\" data-id=\"c7dd5f5\" data-element_type=\"widget\" data-widget_type=\"button.default\">\n\t\t\t\t<div class=\"elementor-widget-container\">\n\t\t\t\t\t<div class=\"elementor-button-wrapper\">\n\t\t\t<a class=\"elementor-button elementor-button-link elementor-size-sm\" href=\"https:\/\/kammermusik-kurs.de\/index.php\/die-kurse\">\n\t\t\t\t\t\t<span class=\"elementor-button-content-wrapper\">\n\t\t\t\t\t\t<span class=\"elementor-button-icon elementor-align-icon-right\">\n\t\t\t\t<i aria-hidden=\"true\" class=\"fas fa-play-circle\"><\/i>\t\t\t<\/span>\n\t\t\t\t\t\t<span class=\"elementor-button-text\">Zu den Kursen<\/span>\n\t\t<\/span>\n\t\t\t\t\t<\/a>\n\t\t<\/div>\n\t\t\t\t<\/div>\n\t\t\t\t<\/div>\n\t\t\t\t<div class=\"elementor-element elementor-element-22feca3 elementor-widget elementor-widget-button\" data-id=\"22feca3\" data-element_type=\"widget\" data-widget_type=\"button.default\">\n\t\t\t\t<div class=\"elementor-widget-container\">\n\t\t\t\t\t<div class=\"elementor-button-wrapper\">\n\t\t\t<a class=\"elementor-button elementor-button-link elementor-size-md\" href=\"https:\/\/kammermusik-kurs.de\/index.php\/unterricht-individuell\/\">\n\t\t\t\t\t\t<span class=\"elementor-button-content-wrapper\">\n\t\t\t\t\t\t<span class=\"elementor-button-text\">Unterricht individuell<\/span>\n\t\t<\/span>\n\t\t\t\t\t<\/a>\n\t\t<\/div>\n\t\t\t\t<\/div>\n\t\t\t\t<\/div>\n\t\t\t\t\t<\/div>\n\t\t<\/div>\n\t\t\t\t\t\t\t<\/div>\n\t\t<\/section>\n\t\t\t\t\t<\/div>\n\t\t<\/div>\n\t\t\t\t\t\t\t<\/div>\n\t\t<\/section>\n\t\t\t\t\t\t\t<\/div>\n\t\t","protected":false},"excerpt":{"rendered":"<p>Foto: Moritz Weis Kammermusik f\u00fcr Laien, Sch\u00fcler, Jedermann Kurse und individueller Unterricht bei drei erfahrenen Dozenten Beate Weis &#8211; Violine J\u00f6rg Assmann &#8211; Violine &amp; Viola Marc Froncoux &#8211; Violoncello Mitglieder der Deutschen Kammerphilharmonie Bremen Zu den Kursen Unterricht individuell<\/p>\n","protected":false},"author":1,"featured_media":0,"parent":0,"menu_order":0,"comment_status":"closed","ping_status":"closed","template":"","meta":{"site-sidebar-layout":"no-sidebar","site-content-layout":"page-builder","ast-global-header-display":"","ast-banner-title-visibility":"","ast-main-header-display":"","ast-hfb-above-header-display":"","ast-hfb-below-header-display":"","ast-hfb-mobile-header-display":"","site-post-title":"disabled","ast-breadcrumbs-content":"","ast-featured-img":"disabled","footer-sml-layout":"disabled","theme-transparent-header-meta":"default","adv-header-id-meta":"","stick-header-meta":"","header-above-stick-meta":"","header-main-stick-meta":"","header-below-stick-meta":"","footnotes":""},"class_list":["post-19","page","type-page","status-publish","hentry"],"_links":{"self":[{"href":"https:\/\/kammermusik-kurs.de\/index.php\/wp-json\/wp\/v2\/pages\/19","targetHints":{"allow":["GET"]}}],"collection":[{"href":"https:\/\/kammermusik-kurs.de\/index.php\/wp-json\/wp\/v2\/pages"}],"about":[{"href":"https:\/\/kammermusik-kurs.de\/index.php\/wp-json\/wp\/v2\/types\/page"}],"author":[{"embeddable":true,"href":"https:\/\/kammermusik-kurs.de\/index.php\/wp-json\/wp\/v2\/users\/1"}],"replies":[{"embeddable":true,"href":"https:\/\/kammermusik-kurs.de\/index.php\/wp-json\/wp\/v2\/comments?post=19"}],"version-history":[{"count":40,"href":"https:\/\/kammermusik-kurs.de\/index.php\/wp-json\/wp\/v2\/pages\/19\/revisions"}],"predecessor-version":[{"id":833,"href":"https:\/\/kammermusik-kurs.de\/index.php\/wp-json\/wp\/v2\/pages\/19\/revisions\/833"}],"wp:attachment":[{"href":"https:\/\/kammermusik-kurs.de\/index.php\/wp-json\/wp\/v2\/media?parent=19"}],"curies":[{"name":"wp","href":"https:\/\/api.w.org\/{rel}","templated":true}]}}